




{"id":1693,"date":"2015-05-11T11:56:31","date_gmt":"2015-05-11T04:56:31","guid":{"rendered":"http:\/\/t5r.vn\/?page_id=1693"},"modified":"2017-01-06T09:52:56","modified_gmt":"2017-01-06T02:52:56","slug":"web-shop","status":"publish","type":"page","link":"https:\/\/t5r.vn\/en\/research-system\/web-shop\/","title":{"rendered":"Web Shop"},"content":{"rendered":"<div style=\"height: 150px; width: 100%; margin-bottom: 50px; background-image: url('https:\/\/t5r.vn\/wp-content\/themes\/voxmeternew\/images\/graystripbg.png'); background-repeat: repeat;\">\n<div style=\"max-width: 1000px; width: 90%; margin: 0 auto;\">\n<p><span class=\"spacerrespons\">\u00a0<\/span><\/p>\n<h1 class=\"h1responsive\">Web Shop<\/h1>\n<\/div>\n<\/div>\n<div style=\"max-width: 1000px; width: 90%; margin: 0 auto;\">\n<h2>Prize draw<\/h2>\n<p>The respondent member of T5R can choose to use their points to participate lottery immediately after completing the survey.<\/p>\n<p>Lottery: Each month will announce the winners on the last day of that month. T5R randomly pick three winners of the respondents had participated in a survey in the month, as well as provide your name and email address to us.<\/p>\n<p>Award: The award is a gift voucher valued at 500,000 VND, bicycle, television, travel \u2026 depends per month.<\/p>\n<p>Winner: If you are one of the lucky winners, you will be notified by email within three working days after the draw.<\/p>\n<p>Declaration: If you win lottery, you\u2019ll be asked if T5R can declare your name and city where you live on our site or not.<br \/>\n&nbsp;<\/p>\n<h2>Donation<\/h2>\n<p><strong>T5Research donations and support charitable activities<\/strong><\/p>\n<p>As a thank you to everyone who took the time to participate in customer surveys, we provide financial support for charitable organization. Members of T5Research donate money. In the gift shop, we have listed the charitable organization. The charitable organization will be donated rotate every 3 months 1 time.<\/p>\n<p>Please refer to the list below:<\/p>\n<p><strong>TP.HCM:<\/strong><\/p>\n<p>1. <strong>H\u1ed9i B\u1ea3o Tr\u1ee3 Ng\u01b0\u1eddi T\u00e0n T\u1eadt<\/strong>:<br \/>\n\u0110\u1ecba ch\u1ec9: 33B Ph\u00f9ng Kh\u1eafc Khoan, Ph\u01b0\u1eddng \u00d0a Kao, Qu\u1eadn 1, S\u00e0i G\u00f2n &#8211; TP HCM, Vi\u1ec7t Nam \u2212 \u0110T: (08) 3827 3045<\/p>\n<p>2. <strong>Tr\u1ea1i tr\u1ebb em t\u00e0n t\u1eadt &#8211; Disable children house<\/strong>:<br \/>\n\u0110\u1ecba ch\u1ec9: 284 C\u1ed1ng Qu\u1ef3nh, Phu\u1eddng Ph\u1ea1m Ng\u0169 L\u00e3o, Qu\u1eadn 1, S\u00e0i G\u00f2n &#8211; TP HCM, Vi\u1ec7t Nam \u2212 \u0110T: (08) 3839 2722<\/p>\n<p>3. <strong>Trung T\u00e2m B\u1ea3o Tr\u1ee3 Tr\u1ebb Em M\u1ed3 C\u00f4i &amp; B\u1ee5i \u00d0\u1eddi Kh\u00e1nh H\u1ed9i (CEPORER)<\/strong>:<br \/>\n\u0110\u1ecba ch\u1ec9: 82 Nguy\u1ec5n Du, Ph\u01b0\u1eddng B\u1ebfn Ngh\u00e9, Qu\u1eadn 1, S\u00e0i G\u00f2n &#8211; TP HCM, Vi\u1ec7t Nam \u2212 \u0110T: (08) 3823 8160<\/p>\n<p>4. <strong>Nh\u00e0 T\u00ecnh Th\u01b0\u01a1ng<\/strong>:<br \/>\n\u0110\u1ecba ch\u1ec9: 156 Chu V\u0103n An, Ph\u01b0\u1eddng 2, Qu\u1eadn 6, S\u00e0i G\u00f2n &#8211; TP HCM, Vi\u1ec7t Nam \u2212 \u0110T: (08) 3857 2978<\/p>\n<p>5. <strong>Nh\u00e0 M\u1edf Ni\u1ec1m Tin<\/strong>:<br \/>\n\u0110\u1ecba ch\u1ec9: 122 B\u1ebfn C\u1ea7n Giu\u1ed9c, Ph\u01b0\u1eddng 11, Qu\u1eadn 8, S\u00e0i G\u00f2n &#8211; TP HCM, Vi\u1ec7t Nam \u2212 \u0110T: (08) 3854 7363<\/p>\n<p>6. <strong>M\u00e1i \u1ea5m C\u00f4 \u0110\u01a1n (m\u1ed3 c\u00f4i) &#8211; Lonely home (orphanage)<\/strong>:<br \/>\n\u0110\u1ecba ch\u1ec9 57B\/500 L\u00ea H\u1ed3ng Phong, Ph\u01b0\u1eddng 1, Qu\u1eadn 10, S\u00e0i G\u00f2n &#8211; TP HCM, Vi\u1ec7t Nam \u2212 \u0110T: (08) 3832 3669<\/p>\n<p>7. <strong>Ph\u00f2ng Kh\u00e1m B\u1ec7nh mi\u1ec5n ph\u00ed Ch\u00f9a T\u01b0\u1eddng Quang<\/strong>:<br \/>\n\u0110\u1ecba ch\u1ec9 19\/9 Phan V\u0103n H\u1edbn, T\u00e2n Qu\u1edbi, Qu\u1eadn 12, S\u00e0i G\u00f2n &#8211; TP HCM, Vi\u1ec7t Nam \u2212 \u0110T: (08) 3883 3751<\/p>\n<p>8. <strong>Trung T\u00e2m D\u01b0\u1ee1ng L\u00e3o, B\u1ea3o Tr\u1ee3 Ng\u01b0\u1eddi Gi\u00e0 T\u00e0n T\u1eadt<\/strong>:<br \/>\n\u0110\u1ecba ch\u1ec9: 3E KP2 T\u00f4 Ng\u1ecdc H\u00e2n, Ph\u01b0\u1eddng Th\u1ea1nh Xu\u00e2n, Qu\u1eadn 12, S\u00e0i G\u00f2n &#8211; TP HCM, Vi\u1ec7t Nam<\/p>\n<p><strong>HU\u1ebe:<\/strong><\/p>\n<p>9. <strong>H\u1ed9i Ng\u01b0\u1eddi M\u00f9 huy\u1ec7n H\u01b0\u01a1ng Th\u1ee7y<\/strong>:<br \/>\n\u0110\u1ecba ch\u1ec9: Khu 8, ph\u01b0\u1eddng Ph\u00fa B\u00e0i, Th\u1ecb x\u00e3 H\u01b0\u01a1ng Th\u1ee7y, TP. Hu\u1ebf, Th\u1eeba Thi\u00ean &#8211; Hu\u1ebf, Vi\u1ec7t Nam \u2212 \u0110T: (054) 386 2017<\/p>\n<p>10. <strong>H\u1ed9i b\u1ea3o tr\u1ee3 Ng\u01b0\u1eddi T\u00e0n T\u1eadt &amp; Tr\u1ebb M\u1ed3 C\u00f4i t\u1ec9nh Th\u1eeba Thi\u00ean Hu\u1ebf<\/strong>:<br \/>\n\u0110\u1ecba ch\u1ec9 :79 Nguy\u1ec5n Ch\u00ed Di\u1ec5u, TP. Hu\u1ebf, Th\u1eeba Thi\u00ean Hu\u1ebf, Vi\u1ec7t Nam \u2212 \u0110T: (054) 351 1109<\/p>\n<p>11. <strong>Nh\u00e0 D\u01b0\u1ee1ng L\u00e3o T\u1ecbnh \u0110\u1ee9c<\/strong>:<br \/>\n\u0110\u1ecba ch\u1ec9: T\u1ed5 3, Ph\u01b0\u1eddng Th\u1ee7y Xu\u00e2n, TP Hu\u1ebf, Th\u1eeba Thi\u00ean &#8211; Hu\u1ebf, Vi\u1ec7t Nam \u2212 \u0110T: (054) 3836 083<\/p>\n<p>12. <strong>Trung T\u00e2m Gi\u00e1o D\u1ee5c &amp; H\u01b0\u1edbng Nghi\u1ec7p Tr\u1ebb Em M\u00f9<\/strong>:<br \/>\n\u0110\u1ecba ch\u1ec9: 180\/1 Phan B\u1ed9i Ch\u00e2u, Ph\u01b0\u1eddng Tr\u01b0\u1eddng An, TP Hu\u1ebf, Th\u1eeba Thi\u00ean &#8211; Hu\u1ebf, Vi\u1ec7t Nam \u2212 \u0110T: (054) 3886 462<\/p>\n<p>13. <strong>Trung T\u00e2m Nu\u00f4i D\u1ea1y Tr\u1ebb M\u1ed3 C\u00f4i Ch\u00f9a \u0110\u1ee9c S\u01a1n<\/strong>:<br \/>\n\u0110\u1ecba ch\u1ec9: Th\u00f4n C\u01b0 Ch\u00e1nh, X\u00e3 Th\u1ee7y B\u1eb1ng, Qu\u1eadn H\u01b0\u01a1ng Th\u1ee7y, Th\u1eeba Thi\u00ean &#8211; Hu\u1ebf, Vi\u1ec7t Nam \u2212 \u0110T: (054) 3865 901<\/p>\n<p>14. <strong>Trung T\u00e2m Nu\u00f4i D\u01b0\u1ee1ng T\u00e2m Th\u1ea7n<\/strong>:<br \/>\n\u0110\u1ecba ch\u1ec9: Th\u00f4n Tr\u1ea7m, Ph\u01b0\u1eddng H\u01b0\u01a1ng H\u1ed3, Huy\u1ec7n H\u01b0\u01a1ng Tr\u00e0, Th\u1eeba Thi\u00ean &#8211; Hu\u1ebf, Vi\u1ec7t Nam \u2212 \u0110T: (054) 3523 165<\/p>\n<p>16. <strong>Trung T\u00e2m Nu\u00f4i D\u01b0\u1ee1ng v\u00e0 H\u01b0\u1edbng Nghi\u1ec7p Tr\u1ebb Em<\/strong>:<br \/>\n\u0110\u1ecba ch\u1ec9: 45 L\u00ea Vi\u1ebft L\u01b0\u01a1ng, Khu Quy Ho\u1ea1ch Ki\u00eam Hu\u1ec7, Ph\u01b0\u1eddng Xu\u00e2n Ph\u00fa, Th\u1eeba Thi\u00ean &#8211; Hu\u1ebf, Vi\u1ec7t Nam \u2212 Website: www.friendsofhue.org<br \/>\n&nbsp;<\/p>\n<h2>Gift shop<\/h2>\n<p>The member survey will receive points on purchases and gift shops.<\/p>\n<p><strong>How to earn points and use in the gift shop?<\/strong><\/p>\n<p>Every time you participate in a survey, you will receive points for use in our gift shop. You will collect 1 point for each answer of the survey. 1 point is equivalent to about 100 VND. You will get 20 points after complete the Demographic questionnaire for Panel questionnaire and 10 points after finish any third surveys.<\/p>\n<p><strong>Buy products with your points in the gift shop?<\/strong><\/p>\n<p>A gift shop has a wide variety of goods and products, satisfy almost the preferences and desires of the people. We aim to list at least equal to the normal purchase price and lower price priority. We are also striving to offer more attractive benefits for members.<\/p>\n<p><strong>Give your points to Charity?<\/strong><\/p>\n<p>In our gift shop you can easily find a list of Charity organizations. You can choose donate points to charity immediately after completing the survey. 1 time every 3 months the organization will be alternate and T5R ensure that all points of your donation will go directly into the hands of this Charity organization.<\/p>\n<p><strong>Your personal account?<\/strong><\/p>\n<p>In our gift shop you can I track the progress of your personal account. You can also track Profile of surveys you participate and see the gifts you have been changed.<\/p>\n<\/div>\n","protected":false},"excerpt":{"rendered":"<p>\u00a0 Web Shop Prize draw The respondent member of T5R can choose to use [&hellip;]<\/p>\n","protected":false},"author":1,"featured_media":0,"parent":1087,"menu_order":5,"comment_status":"closed","ping_status":"closed","template":"page-onecolumn.php","meta":{"_acf_changed":false,"inline_featured_image":false,"jetpack_post_was_ever_published":false,"footnotes":""},"class_list":["post-1693","page","type-page","status-publish","hentry"],"acf":[],"aioseo_notices":[],"jetpack_shortlink":"https:\/\/wp.me\/P7vw8O-rj","jetpack_sharing_enabled":true,"_links":{"self":[{"href":"https:\/\/t5r.vn\/en\/wp-json\/wp\/v2\/pages\/1693","targetHints":{"allow":["GET"]}}],"collection":[{"href":"https:\/\/t5r.vn\/en\/wp-json\/wp\/v2\/pages"}],"about":[{"href":"https:\/\/t5r.vn\/en\/wp-json\/wp\/v2\/types\/page"}],"author":[{"embeddable":true,"href":"https:\/\/t5r.vn\/en\/wp-json\/wp\/v2\/users\/1"}],"replies":[{"embeddable":true,"href":"https:\/\/t5r.vn\/en\/wp-json\/wp\/v2\/comments?post=1693"}],"version-history":[{"count":5,"href":"https:\/\/t5r.vn\/en\/wp-json\/wp\/v2\/pages\/1693\/revisions"}],"predecessor-version":[{"id":4162,"href":"https:\/\/t5r.vn\/en\/wp-json\/wp\/v2\/pages\/1693\/revisions\/4162"}],"up":[{"embeddable":true,"href":"https:\/\/t5r.vn\/en\/wp-json\/wp\/v2\/pages\/1087"}],"wp:attachment":[{"href":"https:\/\/t5r.vn\/en\/wp-json\/wp\/v2\/media?parent=1693"}],"curies":[{"name":"wp","href":"https:\/\/api.w.org\/{rel}","templated":true}]}}