




{"id":5581,"date":"2020-02-28T11:11:58","date_gmt":"2020-02-28T04:11:58","guid":{"rendered":"https:\/\/t5r.vn\/tai-sao-chon-t5r-panel\/"},"modified":"2020-05-06T15:56:41","modified_gmt":"2020-05-06T08:56:41","slug":"tai-sao-chon-t5r-panel","status":"publish","type":"page","link":"https:\/\/t5r.vn\/en\/tai-sao-chon-t5r-panel\/","title":{"rendered":"T\u1ea1i sao ch\u1ecdn T5R panel"},"content":{"rendered":"\n<div style=\"height: 150px; width: 100%; margin-bottom: 50px; background-image: url('https:\/\/t5r.vn\/wp-content\/themes\/voxmeternew\/images\/analyserstripbg.png'); background-repeat: repeat;\">\n<div style=\"max-width: 1000px; width: 90%; margin: 0 auto;\">\n<p><span class=\"spacerrespons\">\u00a0<\/span><\/p>\n<h1 class=\"h1responsive\">Why T5R panel<\/h1>\n<\/div>\n<\/div>\n<div class=\"orangebullet\" style=\"max-width: 1000px; width: 90%; margin: 0 auto;\">\n\n\n\n<h5 class=\"has-text-align-center wp-block-heading\"><strong>B\u1ea1n \u0111\u00e3 bao gi\u1edd tr\u0103n tr\u1edf v\u1ec1 th\u1ecb tr\u01b0\u1eddng c\u1ee7a m\u00ecnh?<\/strong><\/h5>\n\n\n\n<p>\u0110i\u1ec1u c\u01a1 b\u1ea3n nh\u1ea5t quy\u1ebft \u0111\u1ecbnh\ns\u1ef1 th\u00e0nh c\u00f4ng c\u1ee7a m\u1ed9t s\u1ea3n ph\u1ea9m hay d\u1ecbch v\u1ee5 l\u00e0 s\u1ef1 ch\u1ea5p nh\u1eadn c\u1ee7a ng\u01b0\u1eddi ti\u00eau d\u00f9ng\nho\u1eb7c s\u1ef1 h\u00e0i l\u00f2ng c\u1ee7a ng\u01b0\u1eddi s\u1eed d\u1ee5ng d\u1ecbch v\u1ee5. L\u00e0m th\u1ebf n\u00e0o bi\u1ebft \u0111\u01b0\u1ee3c kh\u00e1ch h\u00e0ng c\u00f3\nth\u00edch hay kh\u00f4ng th\u00edch, ch\u1ea5p nh\u1eadn hay kh\u00f4ng ch\u1ea5p nh\u1eadn? Ch\u1ec9 c\u00f3 c\u00e1ch duy nh\u1ea5t v\u00e0\nch\u00ednh x\u00e1c nh\u1ea5t l\u00e0 h\u1ecfi ch\u00ednh kh\u00e1ch h\u00e0ng \u2013 ng\u01b0\u1eddi \u0111\u01b0\u1ee3c cho l\u00e0 s\u1ebd mua s\u1ea3n ph\u1ea9m, ho\u1eb7c\nng\u01b0\u1eddi kh\u00f4ng tr\u1ef1c ti\u1ebfp mua nh\u01b0ng c\u00f3 \u1ea3nh h\u01b0\u1edfng t\u00e1c \u0111\u1ed9ng \u0111\u1ebfn quy\u1ebft \u0111\u1ecbnh mua s\u1ea3n ph\u1ea9m\/\ns\u1eed d\u1ee5ng d\u1ecbch v\u1ee5.<\/p>\n\n\n\n<p>Do \u0111\u00f3 vi\u1ec7c <strong>s\u1edf h\u1eefu Panel c\u1ee7a ri\u00eang doanh nghi\u1ec7p b\u1ea1n<\/strong>\nl\u00e0 \u0111i\u1ec1u quy\u1ebft \u0111\u1ecbnh gi\u00fap b\u1ea1n c\u00f3 \u0111\u01b0\u1ee3c nh\u1eefng th\u00f4ng tin ch\u00ednh x\u00e1c, ph\u1ea3n \u00e1nh \u0111\u00fang\nt\u00ecnh h\u00ecnh th\u1ef1c t\u1ebf th\u1ecb tr\u01b0\u1eddng \u0111\u1ec3 c\u1ea3i thi\u1ec7n v\u00e0 ph\u00e1t tri\u1ec3n kinh doanh.<\/p>\n\n\n\n<p>Panel nh\u01b0 m\u00f4 h\u00ecnh thu nh\u1ecf cho\nbi\u1ebft t\u00ecnh tr\u1ea1ng th\u1ecb tr\u01b0\u1eddng, nhu c\u1ea7u, quy m\u00f4 th\u1ecb tr\u01b0\u1eddng \u0111\u1ec3 \u0111\u01b0a ra nh\u1eefng ho\u1ea1ch\n\u0111\u1ecbnh chi\u1ebfn l\u01b0\u1ee3c, l\u00ean k\u1ebf ho\u1ea1ch chi\u1ebfn d\u1ecbch marketing, qu\u1ea3ng b\u00e1 s\u1ea3n ph\u1ea9m ch\u00ednh x\u00e1c\nnh\u1ea5t.<\/p>\n\n\n\n<div class=\"wp-block-group has-very-light-gray-background-color has-background\"><div class=\"wp-block-group__inner-container is-layout-flow wp-block-group-is-layout-flow\">\n<p class=\"has-background has-text-align-center has-very-light-gray-background-color\"><strong>Vi\u1ec7c s\u1edf h\u1eefu Panel c\u00e1 nh\u00e2n kh\u00f4ng ph\u1ea3i l\u00e0 v\u1ea5n \u0111\u1ec1 n\u1ebfu v\u1edbi T5R Panel<\/strong><\/p>\n\n\n\n<p><\/p>\n\n\n\n<figure class=\"wp-block-table aligncenter\"><table class=\"has-subtle-light-gray-background-color has-background\"><tbody><tr><td><br><br><strong>B\u1ea1n l\u00e0 ai? B\u1ea1n c\u1ea7n g\u00ec?<\/strong><br> B\u1ea1n l\u00e0 m\u1ed9t doanh nghi\u1ec7p nh\u1ecf? <br> Doanh nghi\u1ec7p c\u1ee7a b\u1ea1n \u0111\u01b0\u1ee3c th\u00e0nh l\u1eadp kh\u00f4ng l\u00e2u? <br> B\u1ea1n mu\u1ed1n bi\u1ebft c\u1ea3m nh\u1eadn c\u1ee7a kh\u00e1ch h\u00e0ng v\u1ec1 s\u1ea3n ph\u1ea9m hay d\u1ecbch v\u1ee5 c\u1ee7a b\u1ea1n?<br> Th\u00f4ng tin v\u1ec1 \u0111\u1ed1i t\u01b0\u1ee3ng kh\u00e1ch h\u00e0ng b\u1ea1n mu\u1ed1n ti\u1ebfp c\u1eadn b\u1ecb h\u1ea1n ch\u1ebf?<br> B\u1ea1n mu\u1ed1n c\u00f3 th\u00f4ng tin th\u1ecb tr\u01b0\u1eddng nh\u01b0ng ngu\u1ed3n l\u1ef1c h\u1ea1n ch\u1ebf?<br> L\u00e0m c\u00e1ch n\u00e0o c\u00f3 Panel c\u1ee7a ri\u00eang doanh nghi\u1ec7p v\u1edbi chi ph\u00ed th\u1ea5p?<br> B\u1ea1n c\u00f3 mu\u1ed1n m\u1edf r\u1ed9ng h\u01a1n v\u00e0 ho\u00e0n thi\u1ec7n h\u01a1n Panel c\u1ee7a m\u00ecnh? <\/td><td><strong>T5R Panel &#8211; Gi\u1ea3i ph\u00e1p t\u1ed1i \u01b0u nh\u1ea5t cho b\u1ea1n<\/strong><br> &nbsp;<br> N\u1ebfu b\u1ea1n g\u1eb7p nh\u1eefng v\u1ea5n \u0111\u1ec1 tr\u00ean, kh\u00e1ch h\u00e0ng c\u1ee7a ch\u00fang t\u00f4i ch\u00ednh l\u00e0 b\u1ea1n.<br> B\u1ed5 sung v\u00e0 ho\u00e0n thi\u1ec7n Panel c\u1ee7a ch\u00ednh b\u1ea1n<br> Ti\u1ebfp c\u1eadn \u0111\u01b0\u1ee3c m\u1ecdi kh\u00e1ch h\u00e0ng m\u00e0 b\u1ea1n mu\u1ed1n kh\u00f4ng ch\u1ec9 \u1edf th\u00e0nh th\u1ecb m\u00e0 c\u00f2n \u1edf n\u00f4ng th\u00f4n.<br> Ch\u00fang t\u00f4i l\u00e0 c\u00f4ng ty duy nh\u1ea5t hi\u1ec7n nay cung c\u1ea5p d\u1ecbch v\u1ee5 n\u00e0y.<br> Ch\u00fang t\u00f4i c\u00f3 \u0111\u1ea7y \u0111\u1ee7 ngu\u1ed3n l\u1ef1c \u0111\u1ec3 gi\u00fap b\u1ea1n v\u1edbi chi ph\u00ed kh\u00f4ng th\u1ec3 h\u1ee3p l\u00ed h\u01a1n <\/td><\/tr><\/tbody><tfoot><tr><td><\/td><td><\/td><\/tr><\/tfoot><\/table><\/figure>\n<\/div><\/div>\n\n\n\n<h5 class=\"has-text-align-center wp-block-heading\"><strong>S\u1ef1 kh\u00e1c bi\u1ec7t c\u1ee7a ch\u00fang t\u00f4i \u2013 T5R Panel<\/strong><\/h5>\n\n\n\n<figure class=\"wp-block-image size-large is-resized\"><img loading=\"lazy\" decoding=\"async\" src=\"https:\/\/t5r.vn\/wp-content\/uploads\/2020\/05\/panel1.png\" alt=\"\" class=\"wp-image-6346\" width=\"298\" height=\"147\" srcset=\"https:\/\/t5r.vn\/wp-content\/uploads\/2020\/05\/panel1.png 815w, https:\/\/t5r.vn\/wp-content\/uploads\/2020\/05\/panel1-300x149.png 300w\" sizes=\"auto, (max-width: 298px) 100vw, 298px\" \/><figcaption><br>   <strong>&nbsp;<\/strong>      <\/figcaption><\/figure>\n\n\n\n<ul class=\"wp-block-list\"><li>T5RPanel \u0111\u01b0\u1ee3c thu th\u1eadp tr\u00ean 63 t\u1ec9nh th\u00e0nh \u0111\u01b0\u1ee3c mang t\u00ednh \u0111\u1ea1i\ndi\u1ec7n cao, v\u1edbi t\u1ef7 l\u1ec7 g\u1ea7n \u0111\u00fang v\u1edbi t\u1ef7 tr\u1ecdng d\u00e2n s\u1ed1 v\u00e0 ph\u00e2n b\u1ed1 d\u00e2n c\u01b0 th\u1ef1c t\u1ebf Vi\u1ec7t\nNam nh\u1edd \u0111\u00f3 ch\u00fang t\u00f4i c\u00f3 th\u1ec3 ph\u1ea3n \u00e1nh ch\u00ednh x\u00e1c t\u00ecnh h\u00ecnh bi\u1ebfn \u0111\u1ed9ng c\u1ee7a th\u1ecb\ntr\u01b0\u1eddng.<\/li><li>Panel c\u1ee7a ch\u00fang t\u00f4i chi\u1ebfm 53% th\u00e0nh th\u1ecb v\u00e0 47% l\u00e0 n\u00f4ng th\u00f4n, c\u00f3\nth\u1ec3 ti\u1ebfp c\u1eadn \u0111\u01b0\u1ee3c \u0111\u1ebfn 90% ng\u01b0\u1eddi d\u00f9ng \u1edf n\u00f4ng th\u00f4n.<\/li><\/ul>\n\n\n\n<div class=\"wp-block-group\"><div class=\"wp-block-group__inner-container is-layout-flow wp-block-group-is-layout-flow\">\n<div class=\"wp-block-group has-very-light-gray-background-color has-background\"><div class=\"wp-block-group__inner-container is-layout-flow wp-block-group-is-layout-flow\">\n<h5 class=\"has-text-align-center wp-block-heading\"> <strong>T5R Panel c\u00f3 g\u00ec?<\/strong>   <\/h5>\n\n\n\n<figure class=\"wp-block-image size-medium\"><img loading=\"lazy\" decoding=\"async\" width=\"276\" height=\"300\" src=\"https:\/\/t5r.vn\/wp-content\/uploads\/2020\/05\/panel2-276x300.png\" alt=\"\" class=\"wp-image-6382\" srcset=\"https:\/\/t5r.vn\/wp-content\/uploads\/2020\/05\/panel2-276x300.png 276w, https:\/\/t5r.vn\/wp-content\/uploads\/2020\/05\/panel2.png 400w\" sizes=\"auto, (max-width: 276px) 100vw, 276px\" \/><\/figure>\n\n\n\n<p>  <br> <strong>Ch\u00fang t\u00f4i c\u00f3 th\u1ec3 ch\u1ea1m \u0111\u1ebfn nh\u1eefng n\u01a1i m\u00e0 b\u1ea1n mu\u1ed1n!<\/strong><br> T5R Panel c\u00f3 h\u1ec7 th\u1ed1ng th\u00f4ng tin d\u1eef li\u1ec7u d\u1ed3i d\u00e0o v\u00e0 lu\u00f4n \u0111\u01b0\u1ee3c c\u1eadp nh\u1eadt m\u1edbi m\u1ed7i th\u00e1ng.<br> Ch\u00fang t\u00f4i c\u00f3 Panel bao qu\u00e1t c\u1ee7a th\u1ecb tr\u01b0\u1eddng Vi\u1ec7t Nam d\u00f9 b\u1ea1n kinh doanh ng\u00e0nh h\u00e0ng n\u00e0o th\u00ec ch\u00fang t\u00f4i c\u0169ng h\u1ed7 tr\u1ee3 cho b\u1ea1n.<br> \u00a0<br> <strong>C\u00e1ch th\u1ee9c ti\u1ebfp c\u1eadn: <\/strong>\u0110a ph\u01b0\u01a1ng ti\u1ec7n <br> \u00b7\u00a0\u00a0\u00a0\u00a0\u00a0\u00a0 Ch\u00fang t\u00f4i k\u1ebft n\u1ed1i ng\u01b0\u1eddi ti\u00eau d\u00f9ng m\u1ecdi l\u00fac, m\u1ecdi n\u01a1i v\u1edbi chi ph\u00ed h\u1ee3p l\u00fd tr\u00ean \u0111a k\u00eanh nh\u01b0 tin nh\u1eafn, web, email, \u0111i\u1ec7n tho\u1ea1i,\u2026<br> \u00b7\u00a0\u00a0\u00a0\u00a0\u00a0\u00a0 Nh\u1eadn ph\u1ea3n h\u1ed3i theo c\u00e1ch thu\u1eadn ti\u1ec7n nh\u1ea5t v\u1edbi b\u1ed1 c\u1ee5c th\u00e2n thi\u1ec7n v\u1edbi m\u1ecdi thi\u1ebft b\u1ecb.<br> \u00b7\u00a0\u00a0\u00a0\u00a0\u00a0\u00a0 Ph\u00e2n ph\u1ed1i kh\u1ea3o s\u00e1t cho nh\u1eefng ng\u01b0\u1eddi kh\u00e1c nhau, c\u00e1c qu\u1ed1c gia kh\u00e1c nhau b\u1eb1ng nhi\u1ec1u ng\u00f4n ng\u1eef. <\/p>\n<\/div><\/div>\n<\/div><\/div>\n\n\n\n<div class=\"wp-block-group has-pale-cyan-blue-background-color has-background\"><div class=\"wp-block-group__inner-container is-layout-flow wp-block-group-is-layout-flow\">\n<h5 class=\"has-text-align-center wp-block-heading\"><strong>Hi\u1ec7u qu\u1ea3 &#8211; Tuy\u1ec3n Panelist<\/strong><\/h5>\n\n\n\n<p><\/p>\n\n\n\n<ul class=\"wp-block-list\"><li><strong>Close panel<\/strong> th\u00f4ng qua omnibus gi\u00fap d\u1eef li\u1ec7u thu th\u1eadp ng\u1eabu nhi\u00ean cho th\u00f4ng tin th\u1ecb tr\u01b0\u1eddng g\u1ea7n s\u00e1t v\u1edbi th\u1ef1c t\u1ebf.<ul><li>Th\u00f4ng tin tuy\u1ec3n: <strong>demographic<\/strong>. D\u1eef li\u1ec7u \u0111\u01b0\u1ee3c t\u1ed5ng h\u1ee3p ph\u00e2n t\u00edch theo t\u1eebng demographics kh\u00e1c nhau (nh\u00f3m tu\u1ed5i, gi\u1edbi t\u00ednh, thu nh\u1eadp, n\u01a1i sinh s\u1ed1ng, s\u1edf th\u00edch,..)<\/li><li>S\u1ed1 l\u01b0\u1ee3ng tuy\u1ec3n: <strong>1300\/ 4 tu\u1ea7n<\/strong>. Lu\u00f4n \u0111\u1ea3m b\u1ea3o t\u00ednh c\u1eadp thi\u1ebft v\u00e0 thay \u0111\u1ed5i m\u1edbi nh\u1ea5t c\u1ee7a th\u1ecb tr\u01b0\u1eddng.<\/li><li>C\u00e1ch th\u1ee9c ch\u1ecdn: t\u1ea5t c\u1ea3 \u0111\u01b0\u1ee3c l\u1ef1a ch\u1ecdn <strong>ng\u1eabu nhi\u00ean<\/strong> nh\u1edd v\u00e0o h\u1ec7 th\u1ed1ng. \u0110i\u1ec1u n\u00e0y \u0111\u1ea3m b\u1ea3o t\u00ednh \u0111\u1ea1i di\u1ec7n c\u1ee7a Panel l\u00e0 g\u1ea7n nh\u01b0 ch\u00ednh x\u00e1c.<\/li><\/ul><\/li><\/ul>\n<\/div><\/div>\n\n\n\n<div class=\"wp-block-group has-background\" style=\"background-color:#91aec9\"><div class=\"wp-block-group__inner-container is-layout-flow wp-block-group-is-layout-flow\">\n<h5 class=\"wp-block-heading\"><strong>Ch\u1ea5t l\u01b0\u1ee3ng \u0111\u01b0\u1ee3c \u0111\u1ea3m b\u1ea3o nh\u01b0 th\u1ebf n\u00e0o?<\/strong><\/h5>\n\n\n\n<ul class=\"wp-block-list\"><li>\u0110\u01b0\u1ee3c \u0111\u1ea3m b\u1ea3o ch\u00ednh x\u00e1c m\u1ed9t c\u00e1ch linh ho\u1ea1t b\u1eb1ng c\u00e1ch ng\u0103n ch\u1eb7n nh\u1eefng ng\u01b0\u1eddi c\u00f3 c\u00e2u tr\u1ea3 l\u1eddi kh\u00f4ng ph\u00f9 h\u1ee3p v\u1edbi \u0111\u1ed1i t\u01b0\u1ee3ng nghi\u00ean c\u1ee9u.<\/li><li>Ng\u01b0\u1eddi tham gia ph\u1ecfng v\u1ea5n v\u00ec \u0111\u01b0\u1ee3c chia s\u1ebb \u00fd ki\u1ebfn, b\u00e0y t\u1ecf quan \u0111i\u1ec3m c\u00e1 nh\u00e2n ch\u1ee9 kh\u00f4ng ph\u1ea3i \u0111\u1ec3 ki\u1ebfm ti\u1ec1n<\/li><li>Ki\u1ec3m so\u00e1t ch\u1ea5t l\u01b0\u1ee3ng qua ki\u1ec3m tra th\u1eddi gian v\u00e0 t\u1ed1c \u0111\u1ed9 tr\u1ea3 l\u1eddi ph\u1ecfng v\u1ea5n cho m\u1ed7i c\u00e2u h\u1ecfi, ki\u1ec3m tra t\u00ednh logic c\u1ee7a m\u1ed7i c\u00e2u tr\u1ea3 l\u1eddi, ki\u1ec3m tra ch\u00e9o d\u1ef1a tr\u00ean h\u1ec7 th\u1ed1ng calogbe v\u1edbi demographic \u0111\u00e3 thu th\u1eadp.<\/li><li>Cung c\u1ea5p b\u1eb1ng ch\u1ee9ng \u0111\u1ed1i chi\u1ebfu d\u1eef li\u1ec7u n\u1ebfu b\u1ea1n c\u1ea7n<\/li><li>Cung c\u1ea5p c\u00e1ch th\u1ee9c li\u00ean h\u1ec7, h\u1ed7 tr\u1ee3 t\u01b0\u01a1ng t\u00e1c v\u1edbi data s\u1eb5n c\u00f3<\/li><li> B\u1ed5 sung v\u00e0 ho\u00e0n thi\u1ec7n data cho doanh nghi\u1ec7p c\u1ee7a b\u1ea1n <\/li><\/ul>\n<\/div><\/div>\n\n\n\n<p class=\"has-text-align-center\">V\u1edbi T5R Panel, chi ph\u00ed l\u00e0 kh\u00f4ng ph\u1ea3i v\u1ea5n \u0111\u1ec1. T5R Panel \u0111\u1ea3m b\u1ea3o chi ph\u00ed h\u1ee3p l\u00fd v\u00e0 t\u1ed1i \u01b0u nh\u1ea5t cho doanh nghi\u1ec7p c\u1ee7a b\u1ea1n. C\u00f2n ch\u1ea7n ch\u1edd g\u00ec m\u00e0 kh\u00f4ng li\u00ean h\u1ec7 v\u1edbi ch\u00fang t\u00f4i \u0111\u1ec3 c\u00f3 th\u00eam chi ti\u1ebft v\u00e0 \u0111\u01b0\u1ee3c h\u01b0\u1edbng d\u1eabn c\u1ee5 th\u1ec3.<\/p>\n\n\n\n<\/div>\n","protected":false},"excerpt":{"rendered":"<p>\u00a0 Why T5R panel B\u1ea1n \u0111\u00e3 bao gi\u1edd tr\u0103n tr\u1edf v\u1ec1 th\u1ecb tr\u01b0\u1eddng c\u1ee7a [&hellip;]<\/p>\n","protected":false},"author":11,"featured_media":0,"parent":0,"menu_order":1,"comment_status":"closed","ping_status":"closed","template":"page-onecolumn.php","meta":{"_acf_changed":false,"inline_featured_image":false,"jetpack_post_was_ever_published":false,"footnotes":""},"class_list":["post-5581","page","type-page","status-publish","hentry"],"acf":[],"aioseo_notices":[],"jetpack_shortlink":"https:\/\/wp.me\/P7vw8O-1s1","jetpack_sharing_enabled":true,"_links":{"self":[{"href":"https:\/\/t5r.vn\/en\/wp-json\/wp\/v2\/pages\/5581","targetHints":{"allow":["GET"]}}],"collection":[{"href":"https:\/\/t5r.vn\/en\/wp-json\/wp\/v2\/pages"}],"about":[{"href":"https:\/\/t5r.vn\/en\/wp-json\/wp\/v2\/types\/page"}],"author":[{"embeddable":true,"href":"https:\/\/t5r.vn\/en\/wp-json\/wp\/v2\/users\/11"}],"replies":[{"embeddable":true,"href":"https:\/\/t5r.vn\/en\/wp-json\/wp\/v2\/comments?post=5581"}],"version-history":[{"count":10,"href":"https:\/\/t5r.vn\/en\/wp-json\/wp\/v2\/pages\/5581\/revisions"}],"predecessor-version":[{"id":6391,"href":"https:\/\/t5r.vn\/en\/wp-json\/wp\/v2\/pages\/5581\/revisions\/6391"}],"wp:attachment":[{"href":"https:\/\/t5r.vn\/en\/wp-json\/wp\/v2\/media?parent=5581"}],"curies":[{"name":"wp","href":"https:\/\/api.w.org\/{rel}","templated":true}]}}