




{"id":7477,"date":"2024-04-25T09:17:50","date_gmt":"2024-04-25T02:17:50","guid":{"rendered":"https:\/\/t5r.vn\/tuyen-dung-t5research\/"},"modified":"2024-04-25T11:52:57","modified_gmt":"2024-04-25T04:52:57","slug":"recruitment-t5research-2","status":"publish","type":"page","link":"https:\/\/t5r.vn\/en\/recruitment-t5research-2\/","title":{"rendered":"Recruitment T5Research"},"content":{"rendered":"\n<p class=\"has-text-align-justify\">T5Research lu\u00f4n mong mu\u1ed1n c\u00f3 th\u1ec3 h\u1ee3p t\u00e1c c\u00f9ng v\u1edbi NGOs trong c\u00e1c d\u1ef1 \u00e1n \u0111\u1ec3 g\u00f3p ph\u1ea7n h\u1ed7 tr\u1ee3 v\u00e0 mang l\u1ea1i gi\u00e1 tr\u1ecb cho c\u1ed9ng \u0111\u1ed3ng, v\u00ec v\u1eady ch\u00fang t\u00f4i lu\u00f4n \u01b0u ti\u00ean nh\u1eefng \u1ee9ng vi\u00ean c\u00f3 kinh nghi\u1ec7m \u1edf nh\u1eefng t\u1ed5 ch\u1ee9c phi ch\u00ednh ph\u1ee7 gia nh\u1eadp v\u00e0o T5Research.<\/p>\n\n\n\n<p class=\"has-text-align-justify\">T5Research cam k\u1ebft cung c\u1ea5p c\u00e1c gi\u1ea3i ph\u00e1p v\u00e0 d\u1ecbch v\u1ee5 ch\u1ea5t l\u01b0\u1ee3ng \u0111\u1ec3 \u0111\u00e1p \u1ee9ng nhu c\u1ea7u c\u1ee7a kh\u00e1ch h\u00e0ng, \u0111\u1eb7c bi\u1ec7t l\u00e0 NGOs. Do \u0111\u00f3, \u0111\u1ec3 c\u00f3 th\u1ec3 th\u1ef1c hi\u1ec7n nh\u01b0 cam k\u1ebft, ch\u00fang t\u00f4i lu\u00f4n ch\u00fa tr\u1ecdng \u0111\u1ebfn \u0111\u1ed9i ng\u0169 nh\u00e2n s\u1ef1, lu\u00f4n \u0111\u00f2i h\u1ecfi kinh nghi\u1ec7m d\u00e0y d\u1eb7n c\u0169ng nh\u01b0 tr\u00ecnh \u0111\u1ed9 chuy\u00ean m\u00f4n cao.<\/p>\n\n\n\n<p class=\"has-text-align-justify\">\u1ede T5Research, vi\u1ec7c tuy\u1ec3n d\u1ee5ng nh\u00e2n s\u1ef1 c\u1ef1c k\u1ef3 kh\u1eaft khe v\u00e0 c\u00f3 s\u1ef1 ch\u1ecdn l\u1ef1a k\u1ef9 l\u01b0\u1ee1ng \u0111\u1ec3 \u0111\u1ea3m b\u1ea3o ch\u1ea5t l\u01b0\u1ee3ng ngu\u1ed3n nh\u00e2n l\u1ef1c t\u1ed1t nh\u1ea5t, c\u00f3 th\u1ec3 \u0111\u00e1p \u1ee9ng \u0111\u01b0\u1ee3c nh\u1eefng y\u00eau c\u1ea7u c\u1ee7a d\u1ef1 \u00e1n, \u0111\u1eb7c bi\u1ec7t l\u00e0 c\u00e1c d\u1ef1 \u00e1n c\u1ee7a NGOs.<\/p>\n\n\n\n<p><strong>T\u1ea1i sao b\u1ea1n n\u00ean gia nh\u1eadp T5Research?<\/strong><\/p>\n\n\n\n<ul class=\"wp-block-list\"><li>\u0110\u01b0\u1ee3c l\u00e0m vi\u1ec7c v\u1edbi \u0111\u1ed9i ng\u0169 nh\u00e2n s\u1ef1 \u0111a d\u1ea1ng v\u1ec1 chuy\u00ean m\u00f4n v\u00e0 d\u00e0y d\u1eb7n kinh nghi\u1ec7m c\u1ee7a T5Research qua c\u00e1c d\u1ef1 \u00e1n v\u1edbi NGOs<\/li><li>M\u00f4i tr\u01b0\u1eddng l\u00e0m vi\u1ec7c t\u1ea1i T5Research lu\u00f4n c\u1edfi m\u1edf, s\u00e1ng t\u1ea1o, \u0111\u01b0\u1ee3c trao quy\u1ec1n \u0111\u1ed1i v\u1edbi c\u00f4ng vi\u1ec7c. Vi\u1ec7c qu\u1ea3n l\u00fd ch\u1ec9 mang t\u00ednh h\u1ed7 tr\u1ee3 nh\u00e2n vi\u00ean ch\u1ee9 kh\u00f4ng ki\u1ec3m so\u00e1t ch\u1eb7t ch\u1ebd<\/li><li>Ch\u1ebf \u0111\u1ed9 l\u01b0\u01a1ng, th\u01b0\u1edfng v\u00e0 \u0111\u00e3i ng\u1ed9 t\u1ed1t, lu\u00f4n c\u00f3 nh\u1eefng quy \u0111\u1ecbnh r\u00f5 r\u00e0ng v\u00e0 minh b\u1ea1ch<\/li><li>Tham gia c\u00e1c kh\u00f3a \u0111\u00e0o t\u1ea1o \u0111\u1ec3 ph\u00e1t tri\u1ec3n k\u1ef9 n\u0103ng v\u00e0 c\u1eadp nh\u1eadt ki\u1ebfn th\u1ee9c \u0111\u1ec3 ph\u1ee5c v\u1ee5 cho c\u00f4ng vi\u1ec7c.<\/li><\/ul>\n","protected":false},"excerpt":{"rendered":"<p>T5Research lu\u00f4n mong mu\u1ed1n c\u00f3 th\u1ec3 h\u1ee3p t\u00e1c c\u00f9ng v\u1edbi NGOs trong c\u00e1c d\u1ef1 [&hellip;]<\/p>\n","protected":false},"author":11,"featured_media":0,"parent":0,"menu_order":0,"comment_status":"closed","ping_status":"closed","template":"tuyendungt5r.php","meta":{"_acf_changed":false,"inline_featured_image":false,"jetpack_post_was_ever_published":false,"footnotes":""},"class_list":["post-7477","page","type-page","status-publish","hentry"],"acf":[],"aioseo_notices":[],"jetpack_shortlink":"https:\/\/wp.me\/P7vw8O-1WB","jetpack_sharing_enabled":true,"_links":{"self":[{"href":"https:\/\/t5r.vn\/en\/wp-json\/wp\/v2\/pages\/7477","targetHints":{"allow":["GET"]}}],"collection":[{"href":"https:\/\/t5r.vn\/en\/wp-json\/wp\/v2\/pages"}],"about":[{"href":"https:\/\/t5r.vn\/en\/wp-json\/wp\/v2\/types\/page"}],"author":[{"embeddable":true,"href":"https:\/\/t5r.vn\/en\/wp-json\/wp\/v2\/users\/11"}],"replies":[{"embeddable":true,"href":"https:\/\/t5r.vn\/en\/wp-json\/wp\/v2\/comments?post=7477"}],"version-history":[{"count":1,"href":"https:\/\/t5r.vn\/en\/wp-json\/wp\/v2\/pages\/7477\/revisions"}],"predecessor-version":[{"id":7479,"href":"https:\/\/t5r.vn\/en\/wp-json\/wp\/v2\/pages\/7477\/revisions\/7479"}],"wp:attachment":[{"href":"https:\/\/t5r.vn\/en\/wp-json\/wp\/v2\/media?parent=7477"}],"curies":[{"name":"wp","href":"https:\/\/api.w.org\/{rel}","templated":true}]}}